{"id":6911,"date":"2017-04-17T19:31:20","date_gmt":"2017-04-17T19:31:20","guid":{"rendered":"http:\/\/multisite.latahosting.com\/cp\/print-products\/"},"modified":"2017-05-27T07:57:20","modified_gmt":"2017-05-27T07:57:20","slug":"print-products","status":"publish","type":"page","link":"https:\/\/colorportraits.com\/es\/print-products\/","title":{"rendered":"Productos de Impresi\u00f3n"},"content":{"rendered":"<section class=\"wpb-content-wrapper\"><p>[vc_row full_width=&#8221;stretch_row_content_no_spaces&#8221; css=&#8221;.vc_custom_1495871836774{background-image: url(https:\/\/multisite.latahosting.com\/cp\/wp-content\/uploads\/sites\/12\/2017\/05\/couple.jpg?id=6851) !important;background-position: center !important;background-repeat: no-repeat !important;background-size: cover !important;}&#8221;][vc_column]<div  class=\"neko-vc_page-header neko-vc_page-header-align-center neko-vc_page-header-size-medium  vc_custom_1495313120735   neko-vc_page-header-title-large\"><div class=\"container\"><div class=\"row\"><div class=\"col-md-12\"><h1 style=\"color:#000000\" class=\" \"> Productos de Impresi\u00f3n <\/h1><div class=\"neko-vc_page-header-content  \"><p><\/p>\n<\/div> <\/div><\/div><\/div><\/div>[\/vc_column][\/vc_row][vc_row css_animation=&#8221;bottom-to-top&#8221;][vc_column][vc_row_inner equal_height=&#8221;yes&#8221; content_placement=&#8221;top&#8221; gap=&#8221;10&#8243; css=&#8221;.vc_custom_1492472319150{padding-top: 20px !important;}&#8221;][vc_column_inner width=&#8221;1\/2&#8243; css=&#8221;.vc_custom_1492472336406{padding-top: 15px !important;}&#8221;][vc_column_text]<br \/>\nPorque Color Portraits posee todas sus propias prensas de impresi\u00f3n, vamos m\u00e1s all\u00e1 de las im\u00e1genes para ayudar a las escuelas con sus necesidades de impresi\u00f3n.<\/p>\n<p>Con nuestro Programa de Estructura de la Comisi\u00f3n Creativa, permitimos que su escuela gane dinero de la venta de todas las fotos o duplique el valor de los productos impresos.<\/p>\n<p>[\/vc_column_text][\/vc_column_inner][vc_column_inner width=&#8221;1\/2&#8243;][vc_column_text]<\/p>\n<h3>Satisfacer las Necesidades de las Escuelas<\/h3>\n<ul>\n<li>Carteles (Cartel del car\u00e1cter o del est\u00edmulo que ofrece profesores y estudiantes)<\/li>\n<li>Calendarios de Oficina<\/li>\n<li>Planificadores de Maestros<\/li>\n<li>Tarjetas Promocionales\/Folletos (Escuelas Privadas y Guarder\u00edas)<\/li>\n<li>Banquete\/Recital\/Invitaciones\/Programas<\/li>\n<li>Boletos de Entrada para Eventos<\/li>\n<li>Reproducciones<\/li>\n<\/ul>\n<p>[\/vc_column_text][\/vc_column_inner][\/vc_row_inner][vc_row_inner equal_height=&#8221;yes&#8221; content_placement=&#8221;middle&#8221; gap=&#8221;10&#8243; css=&#8221;.vc_custom_1492472789392{padding-top: 20px !important;padding-bottom: 20px !important;}&#8221;][vc_column_inner width=&#8221;1\/2&#8243;][vc_column_text css_animation=&#8221;none&#8221;]<\/p>\n<h3>Regalos para Profesores<\/h3>\n<ul>\n<li>Bolso de Mano (Personalizado y con el nombre de la escuela)<\/li>\n<li>Tazas<\/li>\n<li>Botella de Agua<\/li>\n<li>Arte de Cartel (Carteles)<\/li>\n<li>Mural (Small Impresi\u00f3n de la lona con el refr\u00e1n inspirado)<\/li>\n<li>Marcador<\/li>\n<li>Papeleria Personalizada<\/li>\n<li>Calendario de Escritorio<\/li>\n<li>Tarjetas de cumplea\u00f1os y del d\u00eda de Fiesta<\/li>\n<li>Adornos<\/li>\n<\/ul>\n<p>[\/vc_column_text][\/vc_column_inner][vc_column_inner width=&#8221;1\/2&#8243;][vc_column_text]<\/p>\n<h3>Regalos para Estudiantes<\/h3>\n<ul>\n<li>Trofeos<\/li>\n<li>Certificados\/Premios<\/li>\n<li>Tarjetas de cumplea\u00f1os y del d\u00eda de Fiesta<\/li>\n<li>Diario de Escritura<\/li>\n<li>Rompecabezas de la escuela o mascota o clase<\/li>\n<li>Libro de Recuerdo<\/li>\n<li>Collage de\u00a0Recuerdo de la Sala de Clase<\/li>\n<li>Libro de Cuentos(Sobre la clase)<\/li>\n<li>Paquete de Aprendizaje de Verano<\/li>\n<li>Adornos<\/li>\n<li>Juego de Origami<\/li>\n<li>No se olvide de mantel individual (Con fotos de la sala de clase y cosas importantes que los maestros quieren que los estudiantes repasen (e.g.: Tabla de tiempos)<\/li>\n<\/ul>\n<p>[\/vc_column_text][\/vc_column_inner][\/vc_row_inner][\/vc_column][\/vc_row]<\/p>\n<\/section>","protected":false},"excerpt":{"rendered":"<p>[vc_row full_width=&#8221;stretch_row_content_no_spaces&#8221; css=&#8221;.vc_custom_1495871836774{background-image: url(https:\/\/multisite.latahosting.com\/cp\/wp-content\/uploads\/sites\/12\/2017\/05\/couple.jpg?id=6851) !important;background-position: center !important;background-repeat: no-repeat !important;background-size: cover !important;}&#8221;][vc_column][\/vc_column][\/vc_row][vc_row css_animation=&#8221;bottom-to-top&#8221;][vc_column][vc_row_inner equal_height=&#8221;yes&#8221; content_placement=&#8221;top&#8221; gap=&#8221;10&#8243; css=&#8221;.vc_custom_1492472319150{padding-top: 20px !important;}&#8221;][vc_column_inner width=&#8221;1\/2&#8243; css=&#8221;.vc_custom_1492472336406{padding-top: 15px !important;}&#8221;][vc_column_text] Porque Color Portraits posee todas sus propias prensas de impresi\u00f3n, vamos m\u00e1s all\u00e1 de las im\u00e1genes para ayudar a las escuelas con sus necesidades de impresi\u00f3n. Con nuestro Programa de Estructura de la<\/p>\n","protected":false},"author":1,"featured_media":0,"parent":0,"menu_order":0,"comment_status":"closed","ping_status":"closed","template":"","meta":{"footnotes":""},"class_list":["post-6911","page","type-page","status-publish","hentry"],"_links":{"self":[{"href":"https:\/\/colorportraits.com\/es\/wp-json\/wp\/v2\/pages\/6911","targetHints":{"allow":["GET"]}}],"collection":[{"href":"https:\/\/colorportraits.com\/es\/wp-json\/wp\/v2\/pages"}],"about":[{"href":"https:\/\/colorportraits.com\/es\/wp-json\/wp\/v2\/types\/page"}],"author":[{"embeddable":true,"href":"https:\/\/colorportraits.com\/es\/wp-json\/wp\/v2\/users\/1"}],"replies":[{"embeddable":true,"href":"https:\/\/colorportraits.com\/es\/wp-json\/wp\/v2\/comments?post=6911"}],"version-history":[{"count":3,"href":"https:\/\/colorportraits.com\/es\/wp-json\/wp\/v2\/pages\/6911\/revisions"}],"predecessor-version":[{"id":6977,"href":"https:\/\/colorportraits.com\/es\/wp-json\/wp\/v2\/pages\/6911\/revisions\/6977"}],"wp:attachment":[{"href":"https:\/\/colorportraits.com\/es\/wp-json\/wp\/v2\/media?parent=6911"}],"curies":[{"name":"wp","href":"https:\/\/api.w.org\/{rel}","templated":true}]}}